{"id":2,"date":"2016-05-10T03:48:21","date_gmt":"2016-05-10T03:48:21","guid":{"rendered":"http:\/\/pauline-stephan.de\/?page_id=2"},"modified":"2026-01-27T11:40:41","modified_gmt":"2026-01-27T11:40:41","slug":"sample-page","status":"publish","type":"page","link":"https:\/\/pauline-stephan.de\/","title":{"rendered":"About"},"content":{"rendered":"\n<div>Pauline Stephan, geboren in Unna, stammt aus einer Musikerfamilie und erhielt bereits im Alter von f\u00fcnf Jahren ihren ersten Klavierunterricht.&nbsp;Zwei Jahre sp\u00e4ter entdeckte sie ihre Liebe zum Violoncello und bekam daraufhin einige Jahre Unterricht an der Musikschule Dortmund.<\/div>\n\n\n\n<div>&nbsp;<\/div>\n\n\n\n<div>In dieser Zeit gewann sie Preise bei diversen Wettbewerben wie Jugend musiziert und dem internationalen Musikwettbewerb des Lions Club, bevor Prof. Matias de Oliveira Pinto auf sie aufmerksam wurde und sie in den folgenden Jahren unterrichtete. Nach dem Abitur studierte sie dann in seiner Klasse an der Musikhochschule M\u00fcnster, wo sie 2020 und 2021 ihre Examina f\u00fcr den k\u00fcnstlerischen und p\u00e4dagogischen Bachelor of Music erfolgreich absolvierte. \n<\/div>\n\n\n\n<div>&nbsp;<\/div>\n\n\n\n<div>In diesen  Studienjahren erhielt sie au\u00dferdem wichtige k\u00fcnstlerische Impulse von Prof. Enrico Bronzi, Prof. Marcio Caneiro, Arthur Hornig, Prof. Julia Hagen, Prof. Jan Ickert und Prof. Gabriel Schwabe.\n<\/div>\n\n\n\n<div>2021 begann sie dann einen Masterstudiengang f\u00fcr Kammermusik am Conservatorio Statale di Musica di Torino bei dem Pianisten Antonio Valentino (Trio Debussy) und studierte gleichzeitig in der Celloklasse von Luca Magariello (Solocellist Orchestra sinfonica nazionale della RAI), erst an der Milano Music Master School und seit 2022 an der Accademia di Musica di Pinerolo. 2023 schloss sie ihr Kammermusikstudium mit Bestnote und Auszeichnung ab. \n<\/div>\n\n\n\n<p><\/p>\n\n\n\n<div>Seit Oktober 2023 studiert sie einen k\u00fcnstlerischen Master an der Anton Bruckner Privatuniversit\u00e4t Linz, erst in der Celloklasse von Prof. Vashti Hunter und aktuell bei Bertin Christelbauer. Regelm\u00e4\u00dfigen Kammermusikunterricht erh\u00e4lt sie von Prof. Connie Shih am Mozarteum Salzburg und in Linz von Prof. Meesun Hong-Coleman, Prof. Saskia Giorgini und Prof. Florian Sch\u00f6tz.<\/div>\n\n\n\n<p><\/p>\n\n\n\n<div>Schon seit einigen Jahren ist Pauline Stephan sowohl in Orchesterprojekten wie z.B. am Theater M\u00fcnster oder mit einem internationalen Kammerorchester in der Schweiz, aber auch als Solistin mit Kammerorchestern und vor allem mit Kammerkonzerten mit dem Duo Giussani, welches sie 2015 mit dem Gitarristen Julian Richter gr\u00fcndete, im Duo mit Klavier und verschieden Kammermusikensembles nicht nur auf europ\u00e4ischen B\u00fchnen unterwegs:\n<\/div>\n\n\n\n<p><\/p>\n\n\n\n<div>In Kroatien bei den \u201eBachtagen Split\u201c, in Frankreich bei den \u201eDes Heures Musiscales\u201c Binic, den \u201eLes Cl\u00e8s du Classique\u201c in Osseja sowie bei den &#8222;Les Musicales de Saint-Martin&#8220; in Paris, in Italien beim \u201cNorth Lake Como Festival\u201d, dem \u201cIncontri Musicali Mediterranei Crotone\u201d im Pythagoras Museum Crotone, Herbst Musicaux Festival&#8220; im Palazzo Giusti Verona, &#8222;Incontri musicali d&#8217;estate&#8220; in Pescara, in Levico Terme, &#8222;Monterosa Classica&#8220; im Aostatal und in der Hofburg Brixen, in der Schweiz beim &#8222;Festival d\u2019Anniviers&#8220;, auf Teneriffa beim &#8222;Festival Aguere&#8220; im Casino der Stadt La Laguna, auf Mallorca beim &#8222;Festival Son Bono&#8220;,  in Brasilien beim \u201eFestival de Violoncelos de Ouro Branco\u201c, in \u00d6sterreich im Brucknerhaus und in Deutschland im Kloster Seeon, im Schloss M\u00fcnster, Haus Opherdicke und im Emil Schumacher Museum, wo sie 2023 die k\u00fcnstlerische Leitung der Reihe &#8222;Young European Classic&#8220; \u00fcbernahm. 2025 trat sie mit ihrem Duo Giussani auf einer Japan-Tournee in Konzerts\u00e4len in Hiroshima, Fukuoka und Tokio auf. \n <\/div>\n\n\n\n<p><\/p>\n\n\n\n<div>Sie spielt als Solistin und Kammermusikerin regelm\u00e4\u00dfig beim \u201eCelloherbst am Hellweg\u201c  und ist im Rahmen dieses Festivals schon seit \u00fcber 10 Jahren Mitglied der 12 Hellweger Cellisten, mit denen sie auch als Solistin auftrat und 2019 eine CD einspielte.\n\nAls Solistin spielte sie ebenso 2019 mit den Virtuosen von Split in Kroatien und Deutschland. Im November 2025 spielte sie das Dvo\u0159\u00e1k-Konzert im Orchesterzentrum NRW. <\/div><\/div>\n\n\n\n<p><\/p>\n\n\n\n<div>&nbsp;<\/div>\n\n\n\n<div>Die Westf\u00e4lischen Nachrichten schrieben \u00fcber das Duo Giussani:<\/div>\n\n\n\n<p><\/p>\n\n\n\n<blockquote class=\"wp-block-quote\"><p><i>\u201eH\u00f6rgenuss, Ohrenschmaus &#8230; diese Worte beschreiben nur unzureichend die Sinnesfreuden, die Zuh\u00f6rer bei den Konzerten des Duo Giussani erleben k\u00f6nnen&#8230; Die K\u00fcnstler bieten eine Musik wie von einem anderen Stern. Die beiden K\u00fcnstler zelebrieren ein musikalisches Fest, das durch die H\u00f6hen und Tiefen kompositorischen Einfallsreichtums und einer geradezu zelebrierten Kunst von Instrumentenbeherrschung f\u00fchrte.&#8220;<\/i><\/p><\/blockquote>\n\n\n\n<div style=\"text-align: center;\"><i><a href=\"http:\/\/www.duo-giussani.de\" target=\"_blank\" rel=\"noopener noreferrer\">www.duo-giussani.de<\/a><\/i><\/div>\n\n\n\n<div>&nbsp;<\/div>\n\n\n\n<div>Ihr besonderes Engagement gilt auch der Unterst\u00fctzung von musikalischen Projekten f\u00fcr Kinder. So wirkt sie regelm\u00e4\u00dfig bei Kinderkonzerten wie dem \u201eKarneval der Tiere\u201c, \u201eDer Geigenbauer von Cremona\u201c oder \u201eEin Schloss voller Musik\u201c&nbsp;mit und bringt so den Kindern die vielf\u00e4ltige und spannende Welt der Musik n\u00e4her.<\/div>\n\n\n\n<div>&nbsp;<\/div>\n\n\n\n<div> Seit 2018 ist Pauline Stephan Stipendiatin der Yehudi Menuhin Stiftung \u201eLive Music Now\u201c\nebenso wurde sie 2022 f\u00fcr ihre herausragenden Studienleistungen mit einem Stipendium der italienischen Regierung ausgezeichnet. K\u00fcrzlich wurde sie Preistr\u00e4gerin in der Kategorie Kammermusik beim achten Nilo Peraldo Bert Wettbewerb in Biella, Italien. <\/div>\n\n\n\n<div>&nbsp;<\/div>\n\n\n\n<ul class=\"wp-block-social-links has-icon-color has-icon-background-color\"><li style=\"color: #ffffff; background-color: #3962e3; \" class=\"wp-social-link wp-social-link-instagram wp-block-social-link\"><a href=\"https:\/\/www.instagram.com\/cello_pauline\/?igshid=YmMyMTA2M2Y=\" aria-label=\"Instagram: https:\/\/www.instagram.com\/cello_pauline\/?igshid=YmMyMTA2M2Y=\"  class=\"wp-block-social-link-anchor\"> <svg width=\"24\" height=\"24\" viewBox=\"0 0 24 24\" version=\"1.1\" xmlns=\"http:\/\/www.w3.org\/2000\/svg\" role=\"img\" aria-hidden=\"true\" focusable=\"false\"><path d=\"M12,4.622c2.403,0,2.688,0.009,3.637,0.052c0.877,0.04,1.354,0.187,1.671,0.31c0.42,0.163,0.72,0.358,1.035,0.673 c0.315,0.315,0.51,0.615,0.673,1.035c0.123,0.317,0.27,0.794,0.31,1.671c0.043,0.949,0.052,1.234,0.052,3.637 s-0.009,2.688-0.052,3.637c-0.04,0.877-0.187,1.354-0.31,1.671c-0.163,0.42-0.358,0.72-0.673,1.035 c-0.315,0.315-0.615,0.51-1.035,0.673c-0.317,0.123-0.794,0.27-1.671,0.31c-0.949,0.043-1.233,0.052-3.637,0.052 s-2.688-0.009-3.637-0.052c-0.877-0.04-1.354-0.187-1.671-0.31c-0.42-0.163-0.72-0.358-1.035-0.673 c-0.315-0.315-0.51-0.615-0.673-1.035c-0.123-0.317-0.27-0.794-0.31-1.671C4.631,14.688,4.622,14.403,4.622,12 s0.009-2.688,0.052-3.637c0.04-0.877,0.187-1.354,0.31-1.671c0.163-0.42,0.358-0.72,0.673-1.035 c0.315-0.315,0.615-0.51,1.035-0.673c0.317-0.123,0.794-0.27,1.671-0.31C9.312,4.631,9.597,4.622,12,4.622 M12,3 C9.556,3,9.249,3.01,8.289,3.054C7.331,3.098,6.677,3.25,6.105,3.472C5.513,3.702,5.011,4.01,4.511,4.511 c-0.5,0.5-0.808,1.002-1.038,1.594C3.25,6.677,3.098,7.331,3.054,8.289C3.01,9.249,3,9.556,3,12c0,2.444,0.01,2.751,0.054,3.711 c0.044,0.958,0.196,1.612,0.418,2.185c0.23,0.592,0.538,1.094,1.038,1.594c0.5,0.5,1.002,0.808,1.594,1.038 c0.572,0.222,1.227,0.375,2.185,0.418C9.249,20.99,9.556,21,12,21s2.751-0.01,3.711-0.054c0.958-0.044,1.612-0.196,2.185-0.418 c0.592-0.23,1.094-0.538,1.594-1.038c0.5-0.5,0.808-1.002,1.038-1.594c0.222-0.572,0.375-1.227,0.418-2.185 C20.99,14.751,21,14.444,21,12s-0.01-2.751-0.054-3.711c-0.044-0.958-0.196-1.612-0.418-2.185c-0.23-0.592-0.538-1.094-1.038-1.594 c-0.5-0.5-1.002-0.808-1.594-1.038c-0.572-0.222-1.227-0.375-2.185-0.418C14.751,3.01,14.444,3,12,3L12,3z M12,7.378 c-2.552,0-4.622,2.069-4.622,4.622S9.448,16.622,12,16.622s4.622-2.069,4.622-4.622S14.552,7.378,12,7.378z M12,15 c-1.657,0-3-1.343-3-3s1.343-3,3-3s3,1.343,3,3S13.657,15,12,15z M16.804,6.116c-0.596,0-1.08,0.484-1.08,1.08 s0.484,1.08,1.08,1.08c0.596,0,1.08-0.484,1.08-1.08S17.401,6.116,16.804,6.116z\"><\/path><\/svg><\/a><\/li>\n\n<li style=\"color: #ffffff; background-color: #3962e3; \" class=\"wp-social-link wp-social-link-youtube wp-block-social-link\"><a href=\"https:\/\/www.youtube.com\/@duogiussani995\" aria-label=\"YouTube: https:\/\/www.youtube.com\/@duogiussani995\"  class=\"wp-block-social-link-anchor\"> <svg width=\"24\" height=\"24\" viewBox=\"0 0 24 24\" version=\"1.1\" xmlns=\"http:\/\/www.w3.org\/2000\/svg\" role=\"img\" aria-hidden=\"true\" focusable=\"false\"><path d=\"M21.8,8.001c0,0-0.195-1.378-0.795-1.985c-0.76-0.797-1.613-0.801-2.004-0.847c-2.799-0.202-6.997-0.202-6.997-0.202 h-0.009c0,0-4.198,0-6.997,0.202C4.608,5.216,3.756,5.22,2.995,6.016C2.395,6.623,2.2,8.001,2.2,8.001S2,9.62,2,11.238v1.517 c0,1.618,0.2,3.237,0.2,3.237s0.195,1.378,0.795,1.985c0.761,0.797,1.76,0.771,2.205,0.855c1.6,0.153,6.8,0.201,6.8,0.201 s4.203-0.006,7.001-0.209c0.391-0.047,1.243-0.051,2.004-0.847c0.6-0.607,0.795-1.985,0.795-1.985s0.2-1.618,0.2-3.237v-1.517 C22,9.62,21.8,8.001,21.8,8.001z M9.935,14.594l-0.001-5.62l5.404,2.82L9.935,14.594z\"><\/path><\/svg><\/a><\/li><\/ul>\n\n\n\n<p><\/p>\n","protected":false},"excerpt":{"rendered":"<p>Pauline Stephan, geboren in Unna, stammt aus einer Musikerfamilie und erhielt bereits im Alter von f\u00fcnf Jahren ihren ersten Klavierunterricht.&nbsp;Zwei Jahre sp\u00e4ter entdeckte sie ihre Liebe zum Violoncello und bekam<span class=\"more-button\"><a href=\"https:\/\/pauline-stephan.de\/\" class=\"more-link\">Continue reading<span class=\"screen-reader-text\">About<\/span><\/a><\/span><\/p>\n","protected":false},"author":1,"featured_media":0,"parent":0,"menu_order":0,"comment_status":"closed","ping_status":"open","template":"","meta":{"ngg_post_thumbnail":0},"_links":{"self":[{"href":"https:\/\/pauline-stephan.de\/index.php?rest_route=\/wp\/v2\/pages\/2"}],"collection":[{"href":"https:\/\/pauline-stephan.de\/index.php?rest_route=\/wp\/v2\/pages"}],"about":[{"href":"https:\/\/pauline-stephan.de\/index.php?rest_route=\/wp\/v2\/types\/page"}],"author":[{"embeddable":true,"href":"https:\/\/pauline-stephan.de\/index.php?rest_route=\/wp\/v2\/users\/1"}],"replies":[{"embeddable":true,"href":"https:\/\/pauline-stephan.de\/index.php?rest_route=%2Fwp%2Fv2%2Fcomments&post=2"}],"version-history":[{"count":54,"href":"https:\/\/pauline-stephan.de\/index.php?rest_route=\/wp\/v2\/pages\/2\/revisions"}],"predecessor-version":[{"id":566,"href":"https:\/\/pauline-stephan.de\/index.php?rest_route=\/wp\/v2\/pages\/2\/revisions\/566"}],"wp:attachment":[{"href":"https:\/\/pauline-stephan.de\/index.php?rest_route=%2Fwp%2Fv2%2Fmedia&parent=2"}],"curies":[{"name":"wp","href":"https:\/\/api.w.org\/{rel}","templated":true}]}}