{"id":402,"date":"2024-11-11T12:00:32","date_gmt":"2024-11-11T12:00:32","guid":{"rendered":"http:\/\/pauline-stephan.de\/?page_id=402"},"modified":"2025-10-17T10:04:08","modified_gmt":"2025-10-17T10:04:08","slug":"trio-aguere","status":"publish","type":"page","link":"http:\/\/pauline-stephan.de\/?page_id=402","title":{"rendered":"Trio Aguere"},"content":{"rendered":"\n<figure class=\"wp-block-image size-large\"><img loading=\"lazy\" width=\"1024\" height=\"683\" src=\"http:\/\/pauline-stephan.de\/wp-content\/uploads\/2024\/11\/MG_9067_E-1024x683.jpg\" alt=\"\" class=\"wp-image-403\" srcset=\"http:\/\/pauline-stephan.de\/wp-content\/uploads\/2024\/11\/MG_9067_E-1024x683.jpg 1024w, http:\/\/pauline-stephan.de\/wp-content\/uploads\/2024\/11\/MG_9067_E-300x200.jpg 300w, http:\/\/pauline-stephan.de\/wp-content\/uploads\/2024\/11\/MG_9067_E-768x512.jpg 768w, http:\/\/pauline-stephan.de\/wp-content\/uploads\/2024\/11\/MG_9067_E-1536x1024.jpg 1536w, http:\/\/pauline-stephan.de\/wp-content\/uploads\/2024\/11\/MG_9067_E-2048x1365.jpg 2048w, http:\/\/pauline-stephan.de\/wp-content\/uploads\/2024\/11\/MG_9067_E-963x642.jpg 963w\" sizes=\"(max-width: 1024px) 100vw, 1024px\" \/><figcaption>\u00a9 Fabienne Schr\u00f6der<br><br><\/figcaption><\/figure>\n\n\n\n<p class=\"has-text-align-center\">Daniel Molina (Klarinette) | Pauline Stephan (Violoncello) | Luis Lopez (Klavier)<\/p>\n\n\n\n<p class=\"has-text-align-center\">Der kanarische Pianist Luiz Lopez, dessen neueste CD f\u00fcr den Latin GRAMMY nominiert wurde, lernte 2021 die deutsche Cellistin Pauline Stephan am Konservatorium in Turin in Italien kennen. Durch die gemeinsame Leidenschaft f\u00fcr die Kammermusik gr\u00fcndeten sie kurz darauf beim \u201eFestival Internacional de M\u00fasica de C\u00e1mara Aguere\u201c auf der kanarischen Insel Teneriffa mit dem wunderbaren Klarinettisten Daniel Molina, der in Madrid studiert hat, das Trio Aguere. Der kanarische Pianist Luiz Lopez, dessen neueste CD f\u00fcr den Latin GRAMMY nominiert wurde, lernte 2021 die deutsche Cellistin Pauline Stephan am Konservatorium in Turin in Italien kennen. Durch die gemeinsame Leidenschaft f\u00fcr die Kammermusik gr\u00fcndeten sie kurz darauf beim \u201eFestival Internacional de M\u00fasica de C\u00e1mara Aguere\u201c auf der kanarischen Insel Teneriffa mit dem wunderbaren Klarinettisten Daniel Molina, der in Madrid studiert hat, das Trio Aguere. <\/p>\n\n\n\n<p class=\"has-text-align-center\">Fasziniert vom \u201eeigenartigen Zauber des Klarinettenklanges\u201c arbeitete Brahms ganz im Stillen sein a-Moll-Trio f\u00fcr Klarinette, Cello und Klavier aus. Die Musik erscheint wie in ein mildes Licht getaucht, es herrschen eine Abgekl\u00e4rtheit und Stille, die wie ein sanftes Adieu an die Welt wirken. Der erste Satz beginnt mit einer schlichten Melodie des Cellos &#8211; beinahe ein Klangsymbol f\u00fcr Einsamkeit -, auf die die Klarinette mit sehns\u00fcchtigen Arabesken antwortet.<br><\/p>\n\n\n\n<p class=\"has-text-align-center\">Der auf Teneriffa geborene <strong>Daniel Molina<\/strong> ist einer der vielseitigsten Klarinettisten seiner Generation und zeichnet sich durch seine T\u00e4tigkeit als Kammermusiker und als Solist aus. Als Solist hat er mit der Banda Sinf\u00f3nica Municipal de Las Palmas de Gran Canaria, dem Orquesta Sinf\u00f3nica del Conservatorio Superior Katarina Gurska und dem Orquesta Filarm\u00f3nica de Gran Canaria zusammengearbeitet.<\/p>\n\n\n\n<p class=\"has-text-align-center\"><strong>Luis L\u00f3pez<\/strong> wurde 1996 in Santa Cruz de Tenerife geboren. Er studierte Klavier am Conservatorio Superior de M\u00fasica de Canarias und setzte seine musikalische Ausbildung bei Piotr Szychowski an der Ignacy Jan Paderewski Music Academy in Poznan, Polen, fort, wo er sein Masterstudium mit Auszeichnung abschloss.<br><\/p>\n\n\n\n<p class=\"has-text-align-center\"><strong>Pauline Stephan<\/strong>, geboren in Unna, stammt aus einer Musikerfamilie. Mit sieben Jahren entdeckte sie ihre Liebe zum Violoncello. Nach dem Bachelor an der Musikhochschule M\u00fcnster studierte sie Kammermusik am Konservatorium in Turin, Italien. Seit Oktober 2023 studiert sie im k\u00fcnstlerischen Master an der Anton Bruckner Universit\u00e4t Linz. Pauline Stephan ist seit mehreren Jahren auf der europ\u00e4ischen B\u00fchne zu h\u00f6ren. Dazu geh\u00f6ren Kammermusik- und Solokonzerte in Deutschland, Italien, Spanien, Frankreich, Kroatien, der Schweiz und Brasilien.\u00a0<br><\/p>\n\n\n\n<p><\/p>\n\n\n\n<p class=\"has-text-align-center\"><strong>JOHANNES BRAHMS (1838-1920)&nbsp;<\/strong><br>Klarinettentrio a-moll, op. 114&nbsp;<br><br><strong>MAX BRUCH (1833-1897)<\/strong><br>Acht St\u00fccke f\u00fcr Klarinette, Violoncello und Klavier, op 83&nbsp;<\/p>\n","protected":false},"excerpt":{"rendered":"<p>Daniel Molina (Klarinette) | Pauline Stephan (Violoncello) | Luis Lopez (Klavier) Der kanarische Pianist Luiz Lopez, dessen neueste CD f\u00fcr den Latin GRAMMY nominiert wurde, lernte 2021 die deutsche Cellistin<span class=\"more-button\"><a href=\"http:\/\/pauline-stephan.de\/?page_id=402\" class=\"more-link\">Continue reading<span class=\"screen-reader-text\">Trio Aguere<\/span><\/a><\/span><\/p>\n","protected":false},"author":2,"featured_media":0,"parent":0,"menu_order":0,"comment_status":"closed","ping_status":"closed","template":"","meta":{"ngg_post_thumbnail":0},"_links":{"self":[{"href":"http:\/\/pauline-stephan.de\/index.php?rest_route=\/wp\/v2\/pages\/402"}],"collection":[{"href":"http:\/\/pauline-stephan.de\/index.php?rest_route=\/wp\/v2\/pages"}],"about":[{"href":"http:\/\/pauline-stephan.de\/index.php?rest_route=\/wp\/v2\/types\/page"}],"author":[{"embeddable":true,"href":"http:\/\/pauline-stephan.de\/index.php?rest_route=\/wp\/v2\/users\/2"}],"replies":[{"embeddable":true,"href":"http:\/\/pauline-stephan.de\/index.php?rest_route=%2Fwp%2Fv2%2Fcomments&post=402"}],"version-history":[{"count":7,"href":"http:\/\/pauline-stephan.de\/index.php?rest_route=\/wp\/v2\/pages\/402\/revisions"}],"predecessor-version":[{"id":533,"href":"http:\/\/pauline-stephan.de\/index.php?rest_route=\/wp\/v2\/pages\/402\/revisions\/533"}],"wp:attachment":[{"href":"http:\/\/pauline-stephan.de\/index.php?rest_route=%2Fwp%2Fv2%2Fmedia&parent=402"}],"curies":[{"name":"wp","href":"https:\/\/api.w.org\/{rel}","templated":true}]}}